{"id":553,"date":"2022-09-12T11:57:59","date_gmt":"2022-09-12T09:57:59","guid":{"rendered":"https:\/\/www.rochette-stephane.fr\/services-stephane-rochette-importateur-negociant-bois-rhone-alpes\/"},"modified":"2022-11-28T08:55:27","modified_gmt":"2022-11-28T07:55:27","slug":"all-our-services","status":"publish","type":"page","link":"https:\/\/www.rochette-stephane.fr\/en\/all-our-services\/","title":{"rendered":"All our services"},"content":{"rendered":"","protected":false},"excerpt":{"rendered":"","protected":false},"author":1,"featured_media":0,"parent":0,"menu_order":0,"comment_status":"closed","ping_status":"closed","template":"","meta":{"footnotes":""},"class_list":["post-553","page","type-page","status-publish","hentry"],"yoast_head":"<!-- This site is optimized with the Yoast SEO plugin v27.3 - https:\/\/yoast.com\/product\/yoast-seo-wordpress\/ -->\n<title>Rochette St\u00e9phane | All our services<\/title>\n<meta name=\"description\" content=\"Find out more about Rochette St\u00e9phane services, storage, transport, sawing, planing and the processing of wood species in the French Rh\u00f4ne Alpes region\" \/>\n<meta name=\"robots\" content=\"index, follow, max-snippet:-1, max-image-preview:large, max-video-preview:-1\" \/>\n<link rel=\"canonical\" href=\"https:\/\/www.rochette-stephane.fr\/en\/all-our-services\/\" \/>\n<meta property=\"og:locale\" content=\"en_US\" \/>\n<meta property=\"og:type\" content=\"article\" \/>\n<meta property=\"og:title\" content=\"Rochette St\u00e9phane | All our services\" \/>\n<meta property=\"og:description\" content=\"Find out more about Rochette St\u00e9phane services, storage, transport, sawing, planing and the processing of wood species in the French Rh\u00f4ne Alpes region\" \/>\n<meta property=\"og:url\" content=\"https:\/\/www.rochette-stephane.fr\/en\/all-our-services\/\" \/>\n<meta property=\"og:site_name\" content=\"St\u00e9phane Rochette SARL\" \/>\n<meta property=\"article:modified_time\" content=\"2022-11-28T07:55:27+00:00\" \/>\n<meta property=\"og:image\" content=\"https:\/\/www.rochette-stephane.fr\/wp-content\/uploads\/2022\/11\/IE-rochette.jpg\" \/>\n\t<meta property=\"og:image:width\" content=\"1200\" \/>\n\t<meta property=\"og:image:height\" content=\"630\" \/>\n\t<meta property=\"og:image:type\" content=\"image\/jpeg\" \/>\n<meta name=\"twitter:card\" content=\"summary_large_image\" \/>\n<script type=\"application\/ld+json\" class=\"yoast-schema-graph\">{\"@context\":\"https:\\\/\\\/schema.org\",\"@graph\":[{\"@type\":\"WebPage\",\"@id\":\"https:\\\/\\\/www.rochette-stephane.fr\\\/en\\\/all-our-services\\\/\",\"url\":\"https:\\\/\\\/www.rochette-stephane.fr\\\/en\\\/all-our-services\\\/\",\"name\":\"Rochette St\u00e9phane | All our services\",\"isPartOf\":{\"@id\":\"https:\\\/\\\/www.rochette-stephane.fr\\\/#website\"},\"datePublished\":\"2022-09-12T09:57:59+00:00\",\"dateModified\":\"2022-11-28T07:55:27+00:00\",\"description\":\"Find out more about Rochette St\u00e9phane services, storage, transport, sawing, planing and the processing of wood species in the French Rh\u00f4ne Alpes region\",\"breadcrumb\":{\"@id\":\"https:\\\/\\\/www.rochette-stephane.fr\\\/en\\\/all-our-services\\\/#breadcrumb\"},\"inLanguage\":\"en-US\",\"potentialAction\":[{\"@type\":\"ReadAction\",\"target\":[\"https:\\\/\\\/www.rochette-stephane.fr\\\/en\\\/all-our-services\\\/\"]}]},{\"@type\":\"BreadcrumbList\",\"@id\":\"https:\\\/\\\/www.rochette-stephane.fr\\\/en\\\/all-our-services\\\/#breadcrumb\",\"itemListElement\":[{\"@type\":\"ListItem\",\"position\":1,\"name\":\"Home\",\"item\":\"https:\\\/\\\/www.rochette-stephane.fr\\\/en\\\/\"},{\"@type\":\"ListItem\",\"position\":2,\"name\":\"All our services\"}]},{\"@type\":\"WebSite\",\"@id\":\"https:\\\/\\\/www.rochette-stephane.fr\\\/#website\",\"url\":\"https:\\\/\\\/www.rochette-stephane.fr\\\/\",\"name\":\"St\u00e9phane Rochette SARL\",\"description\":\"\",\"potentialAction\":[{\"@type\":\"SearchAction\",\"target\":{\"@type\":\"EntryPoint\",\"urlTemplate\":\"https:\\\/\\\/www.rochette-stephane.fr\\\/?s={search_term_string}\"},\"query-input\":{\"@type\":\"PropertyValueSpecification\",\"valueRequired\":true,\"valueName\":\"search_term_string\"}}],\"inLanguage\":\"en-US\"}]}<\/script>\n<!-- \/ Yoast SEO plugin. -->","yoast_head_json":{"title":"Rochette St\u00e9phane | All our services","description":"Find out more about Rochette St\u00e9phane services, storage, transport, sawing, planing and the processing of wood species in the French Rh\u00f4ne Alpes region","robots":{"index":"index","follow":"follow","max-snippet":"max-snippet:-1","max-image-preview":"max-image-preview:large","max-video-preview":"max-video-preview:-1"},"canonical":"https:\/\/www.rochette-stephane.fr\/en\/all-our-services\/","og_locale":"en_US","og_type":"article","og_title":"Rochette St\u00e9phane | All our services","og_description":"Find out more about Rochette St\u00e9phane services, storage, transport, sawing, planing and the processing of wood species in the French Rh\u00f4ne Alpes region","og_url":"https:\/\/www.rochette-stephane.fr\/en\/all-our-services\/","og_site_name":"St\u00e9phane Rochette SARL","article_modified_time":"2022-11-28T07:55:27+00:00","og_image":[{"width":1200,"height":630,"url":"https:\/\/www.rochette-stephane.fr\/wp-content\/uploads\/2022\/11\/IE-rochette.jpg","type":"image\/jpeg"}],"twitter_card":"summary_large_image","schema":{"@context":"https:\/\/schema.org","@graph":[{"@type":"WebPage","@id":"https:\/\/www.rochette-stephane.fr\/en\/all-our-services\/","url":"https:\/\/www.rochette-stephane.fr\/en\/all-our-services\/","name":"Rochette St\u00e9phane | All our services","isPartOf":{"@id":"https:\/\/www.rochette-stephane.fr\/#website"},"datePublished":"2022-09-12T09:57:59+00:00","dateModified":"2022-11-28T07:55:27+00:00","description":"Find out more about Rochette St\u00e9phane services, storage, transport, sawing, planing and the processing of wood species in the French Rh\u00f4ne Alpes region","breadcrumb":{"@id":"https:\/\/www.rochette-stephane.fr\/en\/all-our-services\/#breadcrumb"},"inLanguage":"en-US","potentialAction":[{"@type":"ReadAction","target":["https:\/\/www.rochette-stephane.fr\/en\/all-our-services\/"]}]},{"@type":"BreadcrumbList","@id":"https:\/\/www.rochette-stephane.fr\/en\/all-our-services\/#breadcrumb","itemListElement":[{"@type":"ListItem","position":1,"name":"Home","item":"https:\/\/www.rochette-stephane.fr\/en\/"},{"@type":"ListItem","position":2,"name":"All our services"}]},{"@type":"WebSite","@id":"https:\/\/www.rochette-stephane.fr\/#website","url":"https:\/\/www.rochette-stephane.fr\/","name":"St\u00e9phane Rochette SARL","description":"","potentialAction":[{"@type":"SearchAction","target":{"@type":"EntryPoint","urlTemplate":"https:\/\/www.rochette-stephane.fr\/?s={search_term_string}"},"query-input":{"@type":"PropertyValueSpecification","valueRequired":true,"valueName":"search_term_string"}}],"inLanguage":"en-US"}]}},"_links":{"self":[{"href":"https:\/\/www.rochette-stephane.fr\/en\/wp-json\/wp\/v2\/pages\/553","targetHints":{"allow":["GET"]}}],"collection":[{"href":"https:\/\/www.rochette-stephane.fr\/en\/wp-json\/wp\/v2\/pages"}],"about":[{"href":"https:\/\/www.rochette-stephane.fr\/en\/wp-json\/wp\/v2\/types\/page"}],"author":[{"embeddable":true,"href":"https:\/\/www.rochette-stephane.fr\/en\/wp-json\/wp\/v2\/users\/1"}],"replies":[{"embeddable":true,"href":"https:\/\/www.rochette-stephane.fr\/en\/wp-json\/wp\/v2\/comments?post=553"}],"version-history":[{"count":2,"href":"https:\/\/www.rochette-stephane.fr\/en\/wp-json\/wp\/v2\/pages\/553\/revisions"}],"predecessor-version":[{"id":555,"href":"https:\/\/www.rochette-stephane.fr\/en\/wp-json\/wp\/v2\/pages\/553\/revisions\/555"}],"wp:attachment":[{"href":"https:\/\/www.rochette-stephane.fr\/en\/wp-json\/wp\/v2\/media?parent=553"}],"curies":[{"name":"wp","href":"https:\/\/api.w.org\/{rel}","templated":true}]}}