{"id":540,"date":"2022-09-06T12:09:09","date_gmt":"2022-09-06T10:09:09","guid":{"rendered":"https:\/\/www.rochette-stephane.fr\/accueil\/"},"modified":"2026-03-24T16:15:06","modified_gmt":"2026-03-24T15:15:06","slug":"accueil","status":"publish","type":"page","link":"https:\/\/www.rochette-stephane.fr\/en\/","title":{"rendered":"Home"},"content":{"rendered":"","protected":false},"excerpt":{"rendered":"","protected":false},"author":1,"featured_media":0,"parent":0,"menu_order":0,"comment_status":"closed","ping_status":"closed","template":"","meta":{"footnotes":""},"class_list":["post-540","page","type-page","status-publish","hentry"],"yoast_head":"<!-- This site is optimized with the Yoast SEO plugin v27.1.1 - https:\/\/yoast.com\/product\/yoast-seo-wordpress\/ -->\n<title>Rochette St\u00e9phane | Importer and trader of wood<\/title>\n<meta name=\"description\" content=\"Find out more about Rochette St\u00e9phane, expert for more than 25 years in the import and trade of wood in the French Rh\u00f4ne-Alpes region.\" \/>\n<meta name=\"robots\" content=\"index, follow, max-snippet:-1, max-image-preview:large, max-video-preview:-1\" \/>\n<link rel=\"canonical\" href=\"https:\/\/www.rochette-stephane.fr\/en\/\" \/>\n<meta property=\"og:locale\" content=\"en_US\" \/>\n<meta property=\"og:type\" content=\"article\" \/>\n<meta property=\"og:title\" content=\"Rochette St\u00e9phane | Importer and trader of wood\" \/>\n<meta property=\"og:description\" content=\"Find out more about Rochette St\u00e9phane, expert for more than 25 years in the import and trade of wood in the French Rh\u00f4ne-Alpes region.\" \/>\n<meta property=\"og:url\" content=\"https:\/\/www.rochette-stephane.fr\/en\/\" \/>\n<meta property=\"og:site_name\" content=\"St\u00e9phane Rochette SARL\" \/>\n<meta property=\"article:modified_time\" content=\"2026-03-24T15:15:06+00:00\" \/>\n<meta property=\"og:image\" content=\"https:\/\/www.rochette-stephane.fr\/wp-content\/uploads\/2022\/11\/IE-rochette.jpg\" \/>\n\t<meta property=\"og:image:width\" content=\"1200\" \/>\n\t<meta property=\"og:image:height\" content=\"630\" \/>\n\t<meta property=\"og:image:type\" content=\"image\/jpeg\" \/>\n<meta name=\"twitter:card\" content=\"summary_large_image\" \/>\n<script type=\"application\/ld+json\" class=\"yoast-schema-graph\">{\"@context\":\"https:\/\/schema.org\",\"@graph\":[{\"@type\":\"WebPage\",\"@id\":\"https:\/\/www.rochette-stephane.fr\/en\/\",\"url\":\"https:\/\/www.rochette-stephane.fr\/en\/\",\"name\":\"Rochette St\u00e9phane | Importer and trader of wood\",\"isPartOf\":{\"@id\":\"https:\/\/www.rochette-stephane.fr\/#website\"},\"datePublished\":\"2022-09-06T10:09:09+00:00\",\"dateModified\":\"2026-03-24T15:15:06+00:00\",\"description\":\"Find out more about Rochette St\u00e9phane, expert for more than 25 years in the import and trade of wood in the French Rh\u00f4ne-Alpes region.\",\"breadcrumb\":{\"@id\":\"https:\/\/www.rochette-stephane.fr\/en\/#breadcrumb\"},\"inLanguage\":\"en-US\",\"potentialAction\":[{\"@type\":\"ReadAction\",\"target\":[\"https:\/\/www.rochette-stephane.fr\/en\/\"]}]},{\"@type\":\"BreadcrumbList\",\"@id\":\"https:\/\/www.rochette-stephane.fr\/en\/#breadcrumb\",\"itemListElement\":[{\"@type\":\"ListItem\",\"position\":1,\"name\":\"Home\",\"item\":\"https:\/\/www.rochette-stephane.fr\/en\/\"},{\"@type\":\"ListItem\",\"position\":2,\"name\":\"Home\"}]},{\"@type\":\"WebSite\",\"@id\":\"https:\/\/www.rochette-stephane.fr\/#website\",\"url\":\"https:\/\/www.rochette-stephane.fr\/\",\"name\":\"St\u00e9phane Rochette SARL\",\"description\":\"\",\"potentialAction\":[{\"@type\":\"SearchAction\",\"target\":{\"@type\":\"EntryPoint\",\"urlTemplate\":\"https:\/\/www.rochette-stephane.fr\/?s={search_term_string}\"},\"query-input\":{\"@type\":\"PropertyValueSpecification\",\"valueRequired\":true,\"valueName\":\"search_term_string\"}}],\"inLanguage\":\"en-US\"}]}<\/script>\n<!-- \/ Yoast SEO plugin. -->","yoast_head_json":{"title":"Rochette St\u00e9phane | Importer and trader of wood","description":"Find out more about Rochette St\u00e9phane, expert for more than 25 years in the import and trade of wood in the French Rh\u00f4ne-Alpes region.","robots":{"index":"index","follow":"follow","max-snippet":"max-snippet:-1","max-image-preview":"max-image-preview:large","max-video-preview":"max-video-preview:-1"},"canonical":"https:\/\/www.rochette-stephane.fr\/en\/","og_locale":"en_US","og_type":"article","og_title":"Rochette St\u00e9phane | Importer and trader of wood","og_description":"Find out more about Rochette St\u00e9phane, expert for more than 25 years in the import and trade of wood in the French Rh\u00f4ne-Alpes region.","og_url":"https:\/\/www.rochette-stephane.fr\/en\/","og_site_name":"St\u00e9phane Rochette SARL","article_modified_time":"2026-03-24T15:15:06+00:00","og_image":[{"width":1200,"height":630,"url":"https:\/\/www.rochette-stephane.fr\/wp-content\/uploads\/2022\/11\/IE-rochette.jpg","type":"image\/jpeg"}],"twitter_card":"summary_large_image","schema":{"@context":"https:\/\/schema.org","@graph":[{"@type":"WebPage","@id":"https:\/\/www.rochette-stephane.fr\/en\/","url":"https:\/\/www.rochette-stephane.fr\/en\/","name":"Rochette St\u00e9phane | Importer and trader of wood","isPartOf":{"@id":"https:\/\/www.rochette-stephane.fr\/#website"},"datePublished":"2022-09-06T10:09:09+00:00","dateModified":"2026-03-24T15:15:06+00:00","description":"Find out more about Rochette St\u00e9phane, expert for more than 25 years in the import and trade of wood in the French Rh\u00f4ne-Alpes region.","breadcrumb":{"@id":"https:\/\/www.rochette-stephane.fr\/en\/#breadcrumb"},"inLanguage":"en-US","potentialAction":[{"@type":"ReadAction","target":["https:\/\/www.rochette-stephane.fr\/en\/"]}]},{"@type":"BreadcrumbList","@id":"https:\/\/www.rochette-stephane.fr\/en\/#breadcrumb","itemListElement":[{"@type":"ListItem","position":1,"name":"Home","item":"https:\/\/www.rochette-stephane.fr\/en\/"},{"@type":"ListItem","position":2,"name":"Home"}]},{"@type":"WebSite","@id":"https:\/\/www.rochette-stephane.fr\/#website","url":"https:\/\/www.rochette-stephane.fr\/","name":"St\u00e9phane Rochette SARL","description":"","potentialAction":[{"@type":"SearchAction","target":{"@type":"EntryPoint","urlTemplate":"https:\/\/www.rochette-stephane.fr\/?s={search_term_string}"},"query-input":{"@type":"PropertyValueSpecification","valueRequired":true,"valueName":"search_term_string"}}],"inLanguage":"en-US"}]}},"_links":{"self":[{"href":"https:\/\/www.rochette-stephane.fr\/en\/wp-json\/wp\/v2\/pages\/540","targetHints":{"allow":["GET"]}}],"collection":[{"href":"https:\/\/www.rochette-stephane.fr\/en\/wp-json\/wp\/v2\/pages"}],"about":[{"href":"https:\/\/www.rochette-stephane.fr\/en\/wp-json\/wp\/v2\/types\/page"}],"author":[{"embeddable":true,"href":"https:\/\/www.rochette-stephane.fr\/en\/wp-json\/wp\/v2\/users\/1"}],"replies":[{"embeddable":true,"href":"https:\/\/www.rochette-stephane.fr\/en\/wp-json\/wp\/v2\/comments?post=540"}],"version-history":[{"count":3,"href":"https:\/\/www.rochette-stephane.fr\/en\/wp-json\/wp\/v2\/pages\/540\/revisions"}],"predecessor-version":[{"id":666,"href":"https:\/\/www.rochette-stephane.fr\/en\/wp-json\/wp\/v2\/pages\/540\/revisions\/666"}],"wp:attachment":[{"href":"https:\/\/www.rochette-stephane.fr\/en\/wp-json\/wp\/v2\/media?parent=540"}],"curies":[{"name":"wp","href":"https:\/\/api.w.org\/{rel}","templated":true}]}}